{"id":819,"date":"2022-12-08T14:12:26","date_gmt":"2022-12-08T14:12:26","guid":{"rendered":"https:\/\/lalaiterie81.com\/?page_id=819"},"modified":"2022-12-08T14:49:37","modified_gmt":"2022-12-08T14:49:37","slug":"stage-de-clown","status":"publish","type":"page","link":"https:\/\/lalaiterie81.com\/index.php\/stage-de-clown\/","title":{"rendered":"Stage de clown"},"content":{"rendered":"<div class=\"wpb-content-wrapper\"><p>[vc_row tlg_padding=\u00a0\u00bbpb0&Prime; tlg_parallax=\u00a0\u00bbnot-parallax\u00a0\u00bb][vc_column]<div class=\"headings-title\"><div class=\"mb72  mb-xs-40 text-center\"><h5  class=\"widgettitle \">D\u00e9couvrez les stages de clown au sein du complexe de La Laiterie !<\/h5><div class=\"divider-wrap\"><div class=\"tlg-divider\"><\/div><\/div><\/div><\/div>[\/vc_column][\/vc_row][vc_row tlg_background_style=\u00a0\u00bbbg-secondary\u00a0\u00bb tlg_text_align=\u00a0\u00bbtext-center\u00a0\u00bb tlg_equal_height=\u00a0\u00bbequal-height\u00a0\u00bb][vc_column width=\u00a0\u00bb1\/2&Prime;]<div class=\"headings-title\"><div class=\"mb72  mb-xs-40 text-center\"><h5  class=\"widgettitle \">stage de clown avec Ordinaire Extra<\/h5><div class=\"divider-wrap\"><i  class=\"ti-hand-point-right\"><\/i><div class=\"tlg-divider\"><\/div><\/div><\/div><\/div>[vc_column_text]<span lang=\"it-IT\">La Compagnie<\/span><span lang=\"fr-FR\">, dirig\u00e9<\/span><span lang=\"it-IT\">e par Giovanna Merlin, est n\u00e9<\/span>e en 2017 a\u0300\u00a0<span lang=\"fr-FR\">Toulouse de la volont\u00e9<\/span>\u00a0<span lang=\"fr-FR\">de mettre en sc\u00e8<\/span><span lang=\"en-US\">ne un th\u00e9<\/span>a\u0302<span lang=\"fr-FR\">tre pluridisciplinaire, m\u00ea<\/span><span lang=\"en-US\">lant la musique au clown, cirque, et th\u00e9<\/span>a\u0302<span lang=\"fr-FR\">tre d<\/span>\u2019<span lang=\"pt-PT\">objets.<\/span><\/p>\n<p>La compagnie organise des stages de clown pour adultes au sein du complexe de La Laiterie, n&rsquo;h\u00e9sitez pas \u00e0 contacter la compagnie pour conna\u00eetre les dates de stage pr\u00e9vues en 2023[\/vc_column_text]<div class=\"\"><a  id=\"btn-69f4396b092a0\" class=\"btn btn-filled btn-rounded  ti-arrow-circle-right  btn-sm-sm\" href= \"https:\/\/www.ordinaireextra.fr\/index.php\/formations\/\" target=\"_self\" >Plus d'infos<\/a><\/div>[\/vc_column][vc_column width=\u00a0\u00bb1\/2&Prime;][vc_column_text]<\/p>\n<div class=\"lightbox-gallery mt16 half-thumbs\" data-gallery-title=\"Stage de clown\"><ul><li><a href=\"https:\/\/lalaiterie81.com\/wp-content\/uploads\/2022\/12\/MG_6536-copie-scaled.jpg\" data-lightbox=\"true\" data-title=\"\"><div class=\"bg-overlay\">\n\t    \t    \t        \t\t<img decoding=\"async\" src=\"https:\/\/lalaiterie81.com\/wp-content\/uploads\/2022\/12\/MG_6536-copie-scaled-900x600.jpg\" alt=\"gallery-item\" \/>\n\t    \t    \t        \t\t<div class=\"bg-mask mask-white\"><i class=\"ti-plus\"><\/i><\/div>\n\t    \t    \t        \t<\/div><\/a><\/li><li><a href=\"https:\/\/lalaiterie81.com\/wp-content\/uploads\/2022\/12\/MG_6654-copie-scaled.jpg\" data-lightbox=\"true\" data-title=\"\"><div class=\"bg-overlay\">\n\t    \t    \t        \t\t<img decoding=\"async\" src=\"https:\/\/lalaiterie81.com\/wp-content\/uploads\/2022\/12\/MG_6654-copie-scaled-900x600.jpg\" alt=\"gallery-item\" \/>\n\t    \t    \t        \t\t<div class=\"bg-mask mask-white\"><i class=\"ti-plus\"><\/i><\/div>\n\t    \t    \t        \t<\/div><\/a><\/li><\/ul><\/div>\n<p>[\/vc_column_text][vc_single_image image=\u00a0\u00bb820&Prime; img_size=\u00a0\u00bbfull\u00a0\u00bb alignment=\u00a0\u00bbcenter\u00a0\u00bb onclick=\u00a0\u00bblink_image\u00a0\u00bb][\/vc_column][\/vc_row][vc_row disable_element=\u00a0\u00bbyes\u00a0\u00bb tlg_background_style=\u00a0\u00bbbg-secondary\u00a0\u00bb tlg_text_align=\u00a0\u00bbtext-center\u00a0\u00bb tlg_equal_height=\u00a0\u00bbequal-height\u00a0\u00bb][vc_column width=\u00a0\u00bb1\/2&Prime;][vc_single_image image=\u00a0\u00bb821&Prime; img_size=\u00a0\u00bbfull\u00a0\u00bb][\/vc_column][vc_column width=\u00a0\u00bb1\/2&Prime;][vc_single_image image=\u00a0\u00bb822&Prime; img_size=\u00a0\u00bbfull\u00a0\u00bb][\/vc_column][\/vc_row][vc_row tlg_text_align=\u00a0\u00bbtext-center\u00a0\u00bb tlg_equal_height=\u00a0\u00bbequal-height\u00a0\u00bb][vc_column width=\u00a0\u00bb1\/2&Prime;][vc_single_image image=\u00a0\u00bb832&Prime; img_size=\u00a0\u00bbfull\u00a0\u00bb alignment=\u00a0\u00bbcenter\u00a0\u00bb onclick=\u00a0\u00bblink_image\u00a0\u00bb][\/vc_column][vc_column width=\u00a0\u00bb1\/2&Prime;]<div class=\"headings-title\"><div class=\"mb72  mb-xs-40 text-center\"><h5  class=\"widgettitle \">Stage de clown sacr\u00e9 avec Po\u00e9cirque<\/h5><div class=\"divider-wrap\"><i  class=\"ti-hand-point-right\"><\/i><div class=\"tlg-divider\"><\/div><\/div><\/div><\/div>[vc_column_text]Un stage clown pour s\u2019initier \u00e0 la grande vari\u00e9t\u00e9 d\u2019approches que peut prendre le jeu clownesque. On explorera le clown par la danse extatique, les m\u00e9ditations d\u2019Osho dynamiques et puissantes, l\u2019acroyoga, car c\u2019est tr\u00e8s bon et \u2026 des improvisations avec le nez, solo, duo, \u00e0 partir d\u2019incarnation (nature, couleur, chakras) et de rien d\u2019autre que ce qui se vit en soi.[\/vc_column_text]<div class=\"\"><a  id=\"btn-69f4396b0c236\" class=\"btn btn-filled btn-rounded  ti-arrow-circle-right  btn-sm-sm\" href= \"https:\/\/www.stage-clown-spectacle.fr\/stages-clown\/stage-clown-vers-le-sacre\/\" target=\"_self\" >Plus d'infos<\/a><\/div>[vc_column_text]<\/p>\n<div class=\"lightbox-gallery mt16 half-thumbs\" data-gallery-title=\"Stage de clown\"><ul><li><a href=\"https:\/\/lalaiterie81.com\/wp-content\/uploads\/2022\/12\/stageclownphotoclownsenstage1.jpg\" data-lightbox=\"true\" data-title=\"\"><div class=\"bg-overlay\">\n\t    \t    \t        \t\t<img decoding=\"async\" src=\"https:\/\/lalaiterie81.com\/wp-content\/uploads\/2022\/12\/stageclownphotoclownsenstage1-900x600.jpg\" alt=\"gallery-item\" \/>\n\t    \t    \t        \t\t<div class=\"bg-mask mask-white\"><i class=\"ti-plus\"><\/i><\/div>\n\t    \t    \t        \t<\/div><\/a><\/li><li><a href=\"https:\/\/lalaiterie81.com\/wp-content\/uploads\/2022\/12\/spectacleclowntaphasphere.png\" data-lightbox=\"true\" data-title=\"\"><div class=\"bg-overlay\">\n\t    \t    \t        \t\t<img decoding=\"async\" src=\"https:\/\/lalaiterie81.com\/wp-content\/uploads\/2022\/12\/spectacleclowntaphasphere-900x600.png\" alt=\"gallery-item\" \/>\n\t    \t    \t        \t\t<div class=\"bg-mask mask-white\"><i class=\"ti-plus\"><\/i><\/div>\n\t    \t    \t        \t<\/div><\/a><\/li><\/ul><\/div>\n<p>[\/vc_column_text][\/vc_column][\/vc_row]<\/p>\n<\/div>","protected":false},"excerpt":{"rendered":"<p>[vc_row tlg_padding=\u00a0\u00bbpb0&Prime; tlg_parallax=\u00a0\u00bbnot-parallax\u00a0\u00bb][vc_column][\/vc_column][\/vc_row][vc_row tlg_background_style=\u00a0\u00bbbg-secondary\u00a0\u00bb tlg_text_align=\u00a0\u00bbtext-center\u00a0\u00bb tlg_equal_height=\u00a0\u00bbequal-height\u00a0\u00bb][vc_column width=\u00a0\u00bb1\/2&Prime;][vc_column_text]La Compagnie, dirig\u00e9e par Giovanna Merlin, est n\u00e9e en 2017&#8230;<\/p>\n","protected":false},"author":5,"featured_media":820,"parent":0,"menu_order":0,"comment_status":"closed","ping_status":"closed","template":"","meta":{"footnotes":""},"class_list":["post-819","page","type-page","status-publish","has-post-thumbnail","hentry"],"yoast_head":"<!-- This site is optimized with the Yoast SEO plugin v27.1.1 - https:\/\/yoast.com\/product\/yoast-seo-wordpress\/ -->\n<title>Stage de clown - La laiterie<\/title>\n<meta name=\"robots\" content=\"index, follow, max-snippet:-1, max-image-preview:large, max-video-preview:-1\" \/>\n<link rel=\"canonical\" href=\"https:\/\/lalaiterie81.com\/index.php\/stage-de-clown\/\" \/>\n<meta property=\"og:locale\" content=\"fr_FR\" \/>\n<meta property=\"og:type\" content=\"article\" \/>\n<meta property=\"og:title\" content=\"Stage de clown - La laiterie\" \/>\n<meta property=\"og:description\" content=\"[vc_row tlg_padding=\u00a0\u00bbpb0&Prime; tlg_parallax=\u00a0\u00bbnot-parallax\u00a0\u00bb][vc_column][\/vc_column][\/vc_row][vc_row tlg_background_style=\u00a0\u00bbbg-secondary\u00a0\u00bb tlg_text_align=\u00a0\u00bbtext-center\u00a0\u00bb tlg_equal_height=\u00a0\u00bbequal-height\u00a0\u00bb][vc_column width=\u00a0\u00bb1\/2&Prime;][vc_column_text]La Compagnie, dirig\u00e9e par Giovanna Merlin, est n\u00e9e en 2017...\" \/>\n<meta property=\"og:url\" content=\"https:\/\/lalaiterie81.com\/index.php\/stage-de-clown\/\" \/>\n<meta property=\"og:site_name\" content=\"La laiterie\" \/>\n<meta property=\"article:publisher\" content=\"https:\/\/www.facebook.com\/assolalaiterie\" \/>\n<meta property=\"article:modified_time\" content=\"2022-12-08T14:49:37+00:00\" \/>\n<meta property=\"og:image\" content=\"https:\/\/lalaiterie81.com\/wp-content\/uploads\/2022\/12\/MG_6517-copie-scaled.jpg\" \/>\n\t<meta property=\"og:image:width\" content=\"2560\" \/>\n\t<meta property=\"og:image:height\" content=\"1707\" \/>\n\t<meta property=\"og:image:type\" content=\"image\/jpeg\" \/>\n<meta name=\"twitter:card\" content=\"summary_large_image\" \/>\n<meta name=\"twitter:label1\" content=\"Dur\u00e9e de lecture estim\u00e9e\" \/>\n\t<meta name=\"twitter:data1\" content=\"2 minutes\" \/>\n<script type=\"application\/ld+json\" class=\"yoast-schema-graph\">{\"@context\":\"https:\/\/schema.org\",\"@graph\":[{\"@type\":\"WebPage\",\"@id\":\"https:\/\/lalaiterie81.com\/index.php\/stage-de-clown\/\",\"url\":\"https:\/\/lalaiterie81.com\/index.php\/stage-de-clown\/\",\"name\":\"Stage de clown - La laiterie\",\"isPartOf\":{\"@id\":\"https:\/\/lalaiterie81.com\/#website\"},\"primaryImageOfPage\":{\"@id\":\"https:\/\/lalaiterie81.com\/index.php\/stage-de-clown\/#primaryimage\"},\"image\":{\"@id\":\"https:\/\/lalaiterie81.com\/index.php\/stage-de-clown\/#primaryimage\"},\"thumbnailUrl\":\"https:\/\/lalaiterie81.com\/wp-content\/uploads\/2022\/12\/MG_6517-copie-scaled.jpg\",\"datePublished\":\"2022-12-08T14:12:26+00:00\",\"dateModified\":\"2022-12-08T14:49:37+00:00\",\"breadcrumb\":{\"@id\":\"https:\/\/lalaiterie81.com\/index.php\/stage-de-clown\/#breadcrumb\"},\"inLanguage\":\"fr-FR\",\"potentialAction\":[{\"@type\":\"ReadAction\",\"target\":[\"https:\/\/lalaiterie81.com\/index.php\/stage-de-clown\/\"]}]},{\"@type\":\"ImageObject\",\"inLanguage\":\"fr-FR\",\"@id\":\"https:\/\/lalaiterie81.com\/index.php\/stage-de-clown\/#primaryimage\",\"url\":\"https:\/\/lalaiterie81.com\/wp-content\/uploads\/2022\/12\/MG_6517-copie-scaled.jpg\",\"contentUrl\":\"https:\/\/lalaiterie81.com\/wp-content\/uploads\/2022\/12\/MG_6517-copie-scaled.jpg\",\"width\":2560,\"height\":1707},{\"@type\":\"BreadcrumbList\",\"@id\":\"https:\/\/lalaiterie81.com\/index.php\/stage-de-clown\/#breadcrumb\",\"itemListElement\":[{\"@type\":\"ListItem\",\"position\":1,\"name\":\"Accueil\",\"item\":\"https:\/\/lalaiterie81.com\/\"},{\"@type\":\"ListItem\",\"position\":2,\"name\":\"Stage de clown\"}]},{\"@type\":\"WebSite\",\"@id\":\"https:\/\/lalaiterie81.com\/#website\",\"url\":\"https:\/\/lalaiterie81.com\/\",\"name\":\"La Laiterie - Fabrique artistique et culturelle\",\"description\":\"Fabrique artistique et culture\",\"publisher\":{\"@id\":\"https:\/\/lalaiterie81.com\/#organization\"},\"potentialAction\":[{\"@type\":\"SearchAction\",\"target\":{\"@type\":\"EntryPoint\",\"urlTemplate\":\"https:\/\/lalaiterie81.com\/?s={search_term_string}\"},\"query-input\":{\"@type\":\"PropertyValueSpecification\",\"valueRequired\":true,\"valueName\":\"search_term_string\"}}],\"inLanguage\":\"fr-FR\"},{\"@type\":\"Organization\",\"@id\":\"https:\/\/lalaiterie81.com\/#organization\",\"name\":\"La Laiterie\",\"url\":\"https:\/\/lalaiterie81.com\/\",\"logo\":{\"@type\":\"ImageObject\",\"inLanguage\":\"fr-FR\",\"@id\":\"https:\/\/lalaiterie81.com\/#\/schema\/logo\/image\/\",\"url\":\"https:\/\/lalaiterie81.com\/wp-content\/uploads\/2022\/11\/LOGO-noir-text.png\",\"contentUrl\":\"https:\/\/lalaiterie81.com\/wp-content\/uploads\/2022\/11\/LOGO-noir-text.png\",\"width\":689,\"height\":666,\"caption\":\"La Laiterie\"},\"image\":{\"@id\":\"https:\/\/lalaiterie81.com\/#\/schema\/logo\/image\/\"},\"sameAs\":[\"https:\/\/www.facebook.com\/assolalaiterie\"]}]}<\/script>\n<!-- \/ Yoast SEO plugin. -->","yoast_head_json":{"title":"Stage de clown - La laiterie","robots":{"index":"index","follow":"follow","max-snippet":"max-snippet:-1","max-image-preview":"max-image-preview:large","max-video-preview":"max-video-preview:-1"},"canonical":"https:\/\/lalaiterie81.com\/index.php\/stage-de-clown\/","og_locale":"fr_FR","og_type":"article","og_title":"Stage de clown - La laiterie","og_description":"[vc_row tlg_padding=\u00a0\u00bbpb0&Prime; tlg_parallax=\u00a0\u00bbnot-parallax\u00a0\u00bb][vc_column][\/vc_column][\/vc_row][vc_row tlg_background_style=\u00a0\u00bbbg-secondary\u00a0\u00bb tlg_text_align=\u00a0\u00bbtext-center\u00a0\u00bb tlg_equal_height=\u00a0\u00bbequal-height\u00a0\u00bb][vc_column width=\u00a0\u00bb1\/2&Prime;][vc_column_text]La Compagnie, dirig\u00e9e par Giovanna Merlin, est n\u00e9e en 2017...","og_url":"https:\/\/lalaiterie81.com\/index.php\/stage-de-clown\/","og_site_name":"La laiterie","article_publisher":"https:\/\/www.facebook.com\/assolalaiterie","article_modified_time":"2022-12-08T14:49:37+00:00","og_image":[{"width":2560,"height":1707,"url":"https:\/\/lalaiterie81.com\/wp-content\/uploads\/2022\/12\/MG_6517-copie-scaled.jpg","type":"image\/jpeg"}],"twitter_card":"summary_large_image","twitter_misc":{"Dur\u00e9e de lecture estim\u00e9e":"2 minutes"},"schema":{"@context":"https:\/\/schema.org","@graph":[{"@type":"WebPage","@id":"https:\/\/lalaiterie81.com\/index.php\/stage-de-clown\/","url":"https:\/\/lalaiterie81.com\/index.php\/stage-de-clown\/","name":"Stage de clown - La laiterie","isPartOf":{"@id":"https:\/\/lalaiterie81.com\/#website"},"primaryImageOfPage":{"@id":"https:\/\/lalaiterie81.com\/index.php\/stage-de-clown\/#primaryimage"},"image":{"@id":"https:\/\/lalaiterie81.com\/index.php\/stage-de-clown\/#primaryimage"},"thumbnailUrl":"https:\/\/lalaiterie81.com\/wp-content\/uploads\/2022\/12\/MG_6517-copie-scaled.jpg","datePublished":"2022-12-08T14:12:26+00:00","dateModified":"2022-12-08T14:49:37+00:00","breadcrumb":{"@id":"https:\/\/lalaiterie81.com\/index.php\/stage-de-clown\/#breadcrumb"},"inLanguage":"fr-FR","potentialAction":[{"@type":"ReadAction","target":["https:\/\/lalaiterie81.com\/index.php\/stage-de-clown\/"]}]},{"@type":"ImageObject","inLanguage":"fr-FR","@id":"https:\/\/lalaiterie81.com\/index.php\/stage-de-clown\/#primaryimage","url":"https:\/\/lalaiterie81.com\/wp-content\/uploads\/2022\/12\/MG_6517-copie-scaled.jpg","contentUrl":"https:\/\/lalaiterie81.com\/wp-content\/uploads\/2022\/12\/MG_6517-copie-scaled.jpg","width":2560,"height":1707},{"@type":"BreadcrumbList","@id":"https:\/\/lalaiterie81.com\/index.php\/stage-de-clown\/#breadcrumb","itemListElement":[{"@type":"ListItem","position":1,"name":"Accueil","item":"https:\/\/lalaiterie81.com\/"},{"@type":"ListItem","position":2,"name":"Stage de clown"}]},{"@type":"WebSite","@id":"https:\/\/lalaiterie81.com\/#website","url":"https:\/\/lalaiterie81.com\/","name":"La Laiterie - Fabrique artistique et culturelle","description":"Fabrique artistique et culture","publisher":{"@id":"https:\/\/lalaiterie81.com\/#organization"},"potentialAction":[{"@type":"SearchAction","target":{"@type":"EntryPoint","urlTemplate":"https:\/\/lalaiterie81.com\/?s={search_term_string}"},"query-input":{"@type":"PropertyValueSpecification","valueRequired":true,"valueName":"search_term_string"}}],"inLanguage":"fr-FR"},{"@type":"Organization","@id":"https:\/\/lalaiterie81.com\/#organization","name":"La Laiterie","url":"https:\/\/lalaiterie81.com\/","logo":{"@type":"ImageObject","inLanguage":"fr-FR","@id":"https:\/\/lalaiterie81.com\/#\/schema\/logo\/image\/","url":"https:\/\/lalaiterie81.com\/wp-content\/uploads\/2022\/11\/LOGO-noir-text.png","contentUrl":"https:\/\/lalaiterie81.com\/wp-content\/uploads\/2022\/11\/LOGO-noir-text.png","width":689,"height":666,"caption":"La Laiterie"},"image":{"@id":"https:\/\/lalaiterie81.com\/#\/schema\/logo\/image\/"},"sameAs":["https:\/\/www.facebook.com\/assolalaiterie"]}]}},"_links":{"self":[{"href":"https:\/\/lalaiterie81.com\/index.php\/wp-json\/wp\/v2\/pages\/819","targetHints":{"allow":["GET"]}}],"collection":[{"href":"https:\/\/lalaiterie81.com\/index.php\/wp-json\/wp\/v2\/pages"}],"about":[{"href":"https:\/\/lalaiterie81.com\/index.php\/wp-json\/wp\/v2\/types\/page"}],"author":[{"embeddable":true,"href":"https:\/\/lalaiterie81.com\/index.php\/wp-json\/wp\/v2\/users\/5"}],"replies":[{"embeddable":true,"href":"https:\/\/lalaiterie81.com\/index.php\/wp-json\/wp\/v2\/comments?post=819"}],"version-history":[{"count":11,"href":"https:\/\/lalaiterie81.com\/index.php\/wp-json\/wp\/v2\/pages\/819\/revisions"}],"predecessor-version":[{"id":841,"href":"https:\/\/lalaiterie81.com\/index.php\/wp-json\/wp\/v2\/pages\/819\/revisions\/841"}],"wp:featuredmedia":[{"embeddable":true,"href":"https:\/\/lalaiterie81.com\/index.php\/wp-json\/wp\/v2\/media\/820"}],"wp:attachment":[{"href":"https:\/\/lalaiterie81.com\/index.php\/wp-json\/wp\/v2\/media?parent=819"}],"curies":[{"name":"wp","href":"https:\/\/api.w.org\/{rel}","templated":true}]}}