{"id":11774,"date":"2025-03-16T14:01:49","date_gmt":"2025-03-16T14:01:49","guid":{"rendered":"https:\/\/lalaiterie81.com\/?page_id=11774"},"modified":"2025-03-16T14:18:51","modified_gmt":"2025-03-16T14:18:51","slug":"stages-ateliers","status":"publish","type":"page","link":"https:\/\/lalaiterie81.com\/index.php\/stages-ateliers\/","title":{"rendered":"Stages &#8211; Ateliers"},"content":{"rendered":"<div class=\"wpb-content-wrapper\"><p>[vc_row][vc_column]<section id=\"blog-69f356d8529a0\" class=\"p0 sidebar-left\"><div class=\"container\"><div class=\"row\"><div id=\"sidebar\" class=\"col-md-3 hidden-sm-xs bg-secondary\">\n\t<div id=\"block-4\" class=\"widget widget_block\">\n<h3 class=\"wp-block-heading\">Cat\u00e9gories<\/h3>\n<\/div><div id=\"block-3\" class=\"widget widget_block widget_categories\"><ul class=\"wp-block-categories-list wp-block-categories\">\t<li class=\"cat-item cat-item-1\"><a href=\"https:\/\/lalaiterie81.com\/index.php\/category\/actus\/\">Actualit\u00e9s<\/a>\n<\/li>\n\t<li class=\"cat-item cat-item-21\"><a href=\"https:\/\/lalaiterie81.com\/index.php\/category\/residence\/\">Sortie de r\u00e9sidence<\/a>\n<\/li>\n\t<li class=\"cat-item cat-item-20\"><a href=\"https:\/\/lalaiterie81.com\/index.php\/category\/stages\/\">Stages<\/a>\n<\/li>\n\t<li class=\"cat-item cat-item-12\"><a href=\"https:\/\/lalaiterie81.com\/index.php\/category\/travaux\/\">Travaux<\/a>\n<\/li>\n<\/ul><\/div><\/div><div id=\"main-content\" class=\"col-md-9 col-sm-12\"><div class=\"row mb40\"><div class=\"col-sm-6 col-xs-12 mb32 mb-xs-24\">\r\n    <div class=\"clearfix m0-xs border-line-bottom light-inner\">\r\n                    <div class=\"mb-xs-24 post-thumb\">\r\n                <a href=\"https:\/\/lalaiterie81.com\/index.php\/2026\/03\/13\/stage-secourisme-et-expression-artistique-du-au-juillet\/\">\r\n                    <div class=\"bg-overlay mb24\">\r\n                                                    <img loading=\"lazy\" decoding=\"async\" width=\"600\" height=\"400\" src=\"https:\/\/lalaiterie81.com\/wp-content\/uploads\/2026\/03\/stage-secourclown-600x400.png\" class=\"attachment-roneous_grid size-roneous_grid wp-post-image\" alt=\"\" \/>                                                <div class=\"bg-mask\"><i class=\"ti-plus\"><\/i><\/div>\r\n                    <\/div>\r\n                <\/a>\r\n            <\/div>\r\n                <a href=\"https:\/\/lalaiterie81.com\/index.php\/2026\/03\/13\/stage-secourisme-et-expression-artistique-du-au-juillet\/\">\r\n            <h5 class=\"blog-title mb0\">Stage Secourisme et expression artistique du   au  juillet.<\/h5>        <\/a>\r\n        <div class=\"entry-meta mt8 mb16 p0\">\r\n            <span class=\"inline-block\">13 mars 2026<\/span>\r\n            <span class=\"inline-block\"><span>par<\/span><a href=\"https:\/\/lalaiterie81.com\/index.php\/author\/benlautard\/\" title=\"Articles par benlautard\" rel=\"author\">benlautard<\/a><\/span>\r\n        <\/div>\r\n        <p>Stage Secourisme &amp; Expression Artistique \u2013 Du 6 au 10 Juillet (10-14 ans) Anim\u00e9 par \u00c9milie&#8230;<\/p>\n        <div class=\"pull-left mt8\">\r\n                                <\/div>\r\n                    <div class=\"pull-right mt8 category-more\">\r\n            <a href=\"https:\/\/lalaiterie81.com\/index.php\/category\/stages\/\">Stages<\/a>            <\/div>\r\n            <\/div>\r\n<\/div><div class=\"col-sm-6 col-xs-12 mb32 mb-xs-24\">\r\n    <div class=\"clearfix m0-xs border-line-bottom light-inner\">\r\n                    <div class=\"mb-xs-24 post-thumb\">\r\n                <a href=\"https:\/\/lalaiterie81.com\/index.php\/2026\/03\/13\/stage-de-clown-avec-jauffrey-les-30-et-31-mai\/\">\r\n                    <div class=\"bg-overlay mb24\">\r\n                                                    <img loading=\"lazy\" decoding=\"async\" width=\"600\" height=\"400\" src=\"https:\/\/lalaiterie81.com\/wp-content\/uploads\/2026\/03\/stagetachatche-600x400.jpg\" class=\"attachment-roneous_grid size-roneous_grid wp-post-image\" alt=\"\" \/>                                                <div class=\"bg-mask\"><i class=\"ti-plus\"><\/i><\/div>\r\n                    <\/div>\r\n                <\/a>\r\n            <\/div>\r\n                <a href=\"https:\/\/lalaiterie81.com\/index.php\/2026\/03\/13\/stage-de-clown-avec-jauffrey-les-30-et-31-mai\/\">\r\n            <h5 class=\"blog-title mb0\">Stage de Clown avec Jauffrey \u2013 Les 30 et 31 Mai<\/h5>        <\/a>\r\n        <div class=\"entry-meta mt8 mb16 p0\">\r\n            <span class=\"inline-block\">13 mars 2026<\/span>\r\n            <span class=\"inline-block\"><span>par<\/span><a href=\"https:\/\/lalaiterie81.com\/index.php\/author\/benlautard\/\" title=\"Articles par benlautard\" rel=\"author\">benlautard<\/a><\/span>\r\n        <\/div>\r\n        Created with GIMP        <div class=\"pull-left mt8\">\r\n                                <\/div>\r\n                    <div class=\"pull-right mt8 category-more\">\r\n            <a href=\"https:\/\/lalaiterie81.com\/index.php\/category\/stages\/\">Stages<\/a>            <\/div>\r\n            <\/div>\r\n<\/div><\/div><div class=\"row mb40\"><div class=\"col-sm-6 col-xs-12 mb32 mb-xs-24\">\r\n    <div class=\"clearfix m0-xs border-line-bottom light-inner\">\r\n                    <div class=\"mb-xs-24 post-thumb\">\r\n                <a href=\"https:\/\/lalaiterie81.com\/index.php\/2026\/03\/13\/sortie-de-residence-tout-un-poeme-spectacle-jeune-public-29-mai-14h30-professionnels-18h30-tous-publics\/\">\r\n                    <div class=\"bg-overlay mb24\">\r\n                                                    <img loading=\"lazy\" decoding=\"async\" width=\"250\" height=\"355\" src=\"https:\/\/lalaiterie81.com\/wp-content\/uploads\/2026\/03\/nuage.jpg\" class=\"attachment-roneous_grid size-roneous_grid wp-post-image\" alt=\"\" srcset=\"https:\/\/lalaiterie81.com\/wp-content\/uploads\/2026\/03\/nuage.jpg 250w, https:\/\/lalaiterie81.com\/wp-content\/uploads\/2026\/03\/nuage-211x300.jpg 211w\" sizes=\"auto, (max-width: 250px) 100vw, 250px\" \/>                                                <div class=\"bg-mask\"><i class=\"ti-plus\"><\/i><\/div>\r\n                    <\/div>\r\n                <\/a>\r\n            <\/div>\r\n                <a href=\"https:\/\/lalaiterie81.com\/index.php\/2026\/03\/13\/sortie-de-residence-tout-un-poeme-spectacle-jeune-public-29-mai-14h30-professionnels-18h30-tous-publics\/\">\r\n            <h5 class=\"blog-title mb0\">Sortie de R\u00e9sidence : \u00ab\u00a0Tout un po\u00e8me\u00a0\u00bb \u2013 Spectacle Jeune Public 29 Mai \u2013 14h30 (professionnels) &#038; 18h30 (tous publics)<\/h5>        <\/a>\r\n        <div class=\"entry-meta mt8 mb16 p0\">\r\n            <span class=\"inline-block\">13 mars 2026<\/span>\r\n            <span class=\"inline-block\"><span>par<\/span><a href=\"https:\/\/lalaiterie81.com\/index.php\/author\/benlautard\/\" title=\"Articles par benlautard\" rel=\"author\">benlautard<\/a><\/span>\r\n        <\/div>\r\n        <p>D\u00e9couvrez \u00ab\u00a0Tout un po\u00e8me\u00a0\u00bb, une cr\u00e9ation tendre et ludique sp\u00e9cialement imagin\u00e9e pour le jeune public, mais&#8230;<\/p>\n        <div class=\"pull-left mt8\">\r\n                                <\/div>\r\n                    <div class=\"pull-right mt8 category-more\">\r\n            <a href=\"https:\/\/lalaiterie81.com\/index.php\/category\/actus\/\">Actualit\u00e9s<\/a>            <\/div>\r\n            <\/div>\r\n<\/div><div class=\"col-sm-6 col-xs-12 mb32 mb-xs-24\">\r\n    <div class=\"clearfix m0-xs border-line-bottom light-inner\">\r\n                    <div class=\"mb-xs-24 post-thumb\">\r\n                <a href=\"https:\/\/lalaiterie81.com\/index.php\/2026\/03\/13\/sortie-de-residence-selini-solo-musique-et-theatre-jeudi-30-avril-a-19h\/\">\r\n                    <div class=\"bg-overlay mb24\">\r\n                                                    <img loading=\"lazy\" decoding=\"async\" width=\"600\" height=\"400\" src=\"https:\/\/lalaiterie81.com\/wp-content\/uploads\/2026\/03\/selini-600x400.jpg\" class=\"attachment-roneous_grid size-roneous_grid wp-post-image\" alt=\"\" \/>                                                <div class=\"bg-mask\"><i class=\"ti-plus\"><\/i><\/div>\r\n                    <\/div>\r\n                <\/a>\r\n            <\/div>\r\n                <a href=\"https:\/\/lalaiterie81.com\/index.php\/2026\/03\/13\/sortie-de-residence-selini-solo-musique-et-theatre-jeudi-30-avril-a-19h\/\">\r\n            <h5 class=\"blog-title mb0\">Sortie de R\u00e9sidence : Selini \u2013 Solo Musique et Th\u00e9\u00e2tre Jeudi 30 Avril \u00e0 19h<\/h5>        <\/a>\r\n        <div class=\"entry-meta mt8 mb16 p0\">\r\n            <span class=\"inline-block\">13 mars 2026<\/span>\r\n            <span class=\"inline-block\"><span>par<\/span><a href=\"https:\/\/lalaiterie81.com\/index.php\/author\/benlautard\/\" title=\"Articles par benlautard\" rel=\"author\">benlautard<\/a><\/span>\r\n        <\/div>\r\n        <p>Plongez dans l\u2019univers intime et envo\u00fbtant de Selini, un solo o\u00f9 musique et th\u00e9\u00e2tre se rencontrent&#8230;<\/p>\n        <div class=\"pull-left mt8\">\r\n                                <\/div>\r\n                    <div class=\"pull-right mt8 category-more\">\r\n            <a href=\"https:\/\/lalaiterie81.com\/index.php\/category\/actus\/\">Actualit\u00e9s<\/a>            <\/div>\r\n            <\/div>\r\n<\/div><\/div><div class=\"row mb40\"><div class=\"col-sm-6 col-xs-12 mb32 mb-xs-24\">\r\n    <div class=\"clearfix m0-xs border-line-bottom light-inner\">\r\n                    <div class=\"mb-xs-24 post-thumb\">\r\n                <a href=\"https:\/\/lalaiterie81.com\/index.php\/2026\/03\/13\/clown-in-viaggio-un-trio-cirque-clown-sicilien-a-decouvrir-le-mercredi-15-avril\/\">\r\n                    <div class=\"bg-overlay mb24\">\r\n                                                    <img loading=\"lazy\" decoding=\"async\" width=\"600\" height=\"400\" src=\"https:\/\/lalaiterie81.com\/wp-content\/uploads\/2026\/03\/clown-in-vaggio-600x400.jpeg\" class=\"attachment-roneous_grid size-roneous_grid wp-post-image\" alt=\"\" \/>                                                <div class=\"bg-mask\"><i class=\"ti-plus\"><\/i><\/div>\r\n                    <\/div>\r\n                <\/a>\r\n            <\/div>\r\n                <a href=\"https:\/\/lalaiterie81.com\/index.php\/2026\/03\/13\/clown-in-viaggio-un-trio-cirque-clown-sicilien-a-decouvrir-le-mercredi-15-avril\/\">\r\n            <h5 class=\"blog-title mb0\">Clown in Viaggio : Un Trio Cirque-Clown Sicilien \u00e0 D\u00e9couvrir le Mercredi 15 Avril<\/h5>        <\/a>\r\n        <div class=\"entry-meta mt8 mb16 p0\">\r\n            <span class=\"inline-block\">13 mars 2026<\/span>\r\n            <span class=\"inline-block\"><span>par<\/span><a href=\"https:\/\/lalaiterie81.com\/index.php\/author\/benlautard\/\" title=\"Articles par benlautard\" rel=\"author\">benlautard<\/a><\/span>\r\n        <\/div>\r\n        <p>Mercredi 15 Avril : Clown in Viaggio \u2013 Un Voyage Po\u00e9tique et Dr\u00f4le Sans Mots D\u00e9couvrez&#8230;<\/p>\n        <div class=\"pull-left mt8\">\r\n                                <\/div>\r\n                    <div class=\"pull-right mt8 category-more\">\r\n            <a href=\"https:\/\/lalaiterie81.com\/index.php\/category\/actus\/\">Actualit\u00e9s<\/a>            <\/div>\r\n            <\/div>\r\n<\/div><div class=\"col-sm-6 col-xs-12 mb32 mb-xs-24\">\r\n    <div class=\"clearfix m0-xs border-line-bottom light-inner\">\r\n                    <div class=\"mb-xs-24 post-thumb\">\r\n                <a href=\"https:\/\/lalaiterie81.com\/index.php\/2026\/03\/13\/apple-fizz-trio-vocal-theatral-et-fruitier-le-vendredi-3-avril\/\">\r\n                    <div class=\"bg-overlay mb24\">\r\n                                                    <img loading=\"lazy\" decoding=\"async\" width=\"600\" height=\"400\" src=\"https:\/\/lalaiterie81.com\/wp-content\/uploads\/2026\/03\/Apple-Fizz-11-600x400.jpg\" class=\"attachment-roneous_grid size-roneous_grid wp-post-image\" alt=\"\" \/>                                                <div class=\"bg-mask\"><i class=\"ti-plus\"><\/i><\/div>\r\n                    <\/div>\r\n                <\/a>\r\n            <\/div>\r\n                <a href=\"https:\/\/lalaiterie81.com\/index.php\/2026\/03\/13\/apple-fizz-trio-vocal-theatral-et-fruitier-le-vendredi-3-avril\/\">\r\n            <h5 class=\"blog-title mb0\">Apple Fizz trio vocal-th\u00e9\u00e2tral et Fruitier le vendredi 3 avril<\/h5>        <\/a>\r\n        <div class=\"entry-meta mt8 mb16 p0\">\r\n            <span class=\"inline-block\">13 mars 2026<\/span>\r\n            <span class=\"inline-block\"><span>par<\/span><a href=\"https:\/\/lalaiterie81.com\/index.php\/author\/benlautard\/\" title=\"Articles par benlautard\" rel=\"author\">benlautard<\/a><\/span>\r\n        <\/div>\r\n        <p>Apple Fizz : Un Trio Vocal-Th\u00e9\u00e2tral et Fruitier le vendredi 3 avril \u00e0 19h \u2013 Prix&#8230;<\/p>\n        <div class=\"pull-left mt8\">\r\n                                <\/div>\r\n                    <div class=\"pull-right mt8 category-more\">\r\n            <a href=\"https:\/\/lalaiterie81.com\/index.php\/category\/actus\/\">Actualit\u00e9s<\/a>            <\/div>\r\n            <\/div>\r\n<\/div><\/div><div class=\"row mb40\"><div class=\"col-sm-6 col-xs-12 mb32 mb-xs-24\">\r\n    <div class=\"clearfix m0-xs border-line-bottom light-inner\">\r\n                    <div class=\"mb-xs-24 post-thumb\">\r\n                <a href=\"https:\/\/lalaiterie81.com\/index.php\/2026\/03\/08\/entre-branches-et-melodies-lart-de-tailler-les-arbres-lart-decouter-la-vie\/\">\r\n                    <div class=\"bg-overlay mb24\">\r\n                                                    <img loading=\"lazy\" decoding=\"async\" width=\"600\" height=\"400\" src=\"https:\/\/lalaiterie81.com\/wp-content\/uploads\/2026\/03\/Journee-taille-darbres-v4-600x400.png\" class=\"attachment-roneous_grid size-roneous_grid wp-post-image\" alt=\"\" \/>                                                <div class=\"bg-mask\"><i class=\"ti-plus\"><\/i><\/div>\r\n                    <\/div>\r\n                <\/a>\r\n            <\/div>\r\n                <a href=\"https:\/\/lalaiterie81.com\/index.php\/2026\/03\/08\/entre-branches-et-melodies-lart-de-tailler-les-arbres-lart-decouter-la-vie\/\">\r\n            <h5 class=\"blog-title mb0\">Stage taille douce samedi 14 mars 2026<\/h5>        <\/a>\r\n        <div class=\"entry-meta mt8 mb16 p0\">\r\n            <span class=\"inline-block\">8 mars 2026<\/span>\r\n            <span class=\"inline-block\"><span>par<\/span><a href=\"https:\/\/lalaiterie81.com\/index.php\/author\/benlautard\/\" title=\"Articles par benlautard\" rel=\"author\">benlautard<\/a><\/span>\r\n        <\/div>\r\n        <p>Entre branches et m\u00e9lodies :l\u2019art de tailler les arbres, l\u2019art d\u2019\u00e9couter la vie Samedi 14 mars,&#8230;<\/p>\n        <div class=\"pull-left mt8\">\r\n                                <\/div>\r\n                    <div class=\"pull-right mt8 category-more\">\r\n            <a href=\"https:\/\/lalaiterie81.com\/index.php\/category\/stages\/\">Stages<\/a>            <\/div>\r\n            <\/div>\r\n<\/div><div class=\"col-sm-6 col-xs-12 mb32 mb-xs-24\">\r\n    <div class=\"clearfix m0-xs border-line-bottom light-inner\">\r\n                    <div class=\"mb-xs-24 post-thumb\">\r\n                <a href=\"https:\/\/lalaiterie81.com\/index.php\/2025\/09\/11\/stage-chant-29-30-novembre-avec-duo-berezko\/\">\r\n                    <div class=\"bg-overlay mb24\">\r\n                                                    <img loading=\"lazy\" decoding=\"async\" width=\"600\" height=\"400\" src=\"https:\/\/lalaiterie81.com\/wp-content\/uploads\/2025\/09\/stagetachant-600x400.jpg\" class=\"attachment-roneous_grid size-roneous_grid wp-post-image\" alt=\"\" \/>                                                <div class=\"bg-mask\"><i class=\"ti-plus\"><\/i><\/div>\r\n                    <\/div>\r\n                <\/a>\r\n            <\/div>\r\n                <a href=\"https:\/\/lalaiterie81.com\/index.php\/2025\/09\/11\/stage-chant-29-30-novembre-avec-duo-berezko\/\">\r\n            <h5 class=\"blog-title mb0\">Stage chant 29 \/ 30 novembre avec Duo Berezko<\/h5>        <\/a>\r\n        <div class=\"entry-meta mt8 mb16 p0\">\r\n            <span class=\"inline-block\">11 septembre 2025<\/span>\r\n            <span class=\"inline-block\"><span>par<\/span><a href=\"https:\/\/lalaiterie81.com\/index.php\/author\/benlautard\/\" title=\"Articles par benlautard\" rel=\"author\">benlautard<\/a><\/span>\r\n        <\/div>\r\n                <div class=\"pull-left mt8\">\r\n                                <\/div>\r\n                    <div class=\"pull-right mt8 category-more\">\r\n            <a href=\"https:\/\/lalaiterie81.com\/index.php\/category\/stages\/\">Stages<\/a>            <\/div>\r\n            <\/div>\r\n<\/div><\/div><div class=\"row\"><div class='text-center mt40'><ul class='pagination'><li class='active'><a href='https:\/\/lalaiterie81.com\/index.php\/wp-json\/wp\/v2\/pages\/11774\/'>1<\/a><\/li> <li><a href='https:\/\/lalaiterie81.com\/index.php\/wp-json\/wp\/v2\/pages\/11774\/page\/2\/'>2<\/a><\/li> <li><a href='https:\/\/lalaiterie81.com\/index.php\/wp-json\/wp\/v2\/pages\/11774\/page\/3\/'>3<\/a><\/li> <li><a href='https:\/\/lalaiterie81.com\/index.php\/wp-json\/wp\/v2\/pages\/11774\/page\/6\/' aria-label='Next'><span aria-hidden='true'>&raquo;<\/span><\/a><\/li> <\/ul><\/div><\/div><\/div><\/div><\/div><\/section>[\/vc_column][\/vc_row]<\/p>\n<\/div>","protected":false},"excerpt":{"rendered":"<p>[vc_row][vc_column][\/vc_column][\/vc_row]<\/p>\n","protected":false},"author":5,"featured_media":642,"parent":0,"menu_order":0,"comment_status":"closed","ping_status":"closed","template":"","meta":{"footnotes":""},"class_list":["post-11774","page","type-page","status-publish","has-post-thumbnail","hentry"],"yoast_head":"<!-- This site is optimized with the Yoast SEO plugin v27.1.1 - https:\/\/yoast.com\/product\/yoast-seo-wordpress\/ -->\n<title>Stages - Ateliers - La laiterie<\/title>\n<meta name=\"robots\" content=\"index, follow, max-snippet:-1, max-image-preview:large, max-video-preview:-1\" \/>\n<link rel=\"canonical\" href=\"https:\/\/lalaiterie81.com\/index.php\/stages-ateliers\/\" \/>\n<meta property=\"og:locale\" content=\"fr_FR\" \/>\n<meta property=\"og:type\" content=\"article\" \/>\n<meta property=\"og:title\" content=\"Stages - Ateliers - La laiterie\" \/>\n<meta property=\"og:description\" content=\"[vc_row][vc_column][\/vc_column][\/vc_row]\" \/>\n<meta property=\"og:url\" content=\"https:\/\/lalaiterie81.com\/index.php\/stages-ateliers\/\" \/>\n<meta property=\"og:site_name\" content=\"La laiterie\" \/>\n<meta property=\"article:publisher\" content=\"https:\/\/www.facebook.com\/assolalaiterie\" \/>\n<meta property=\"article:modified_time\" content=\"2025-03-16T14:18:51+00:00\" \/>\n<meta property=\"og:image\" content=\"https:\/\/lalaiterie81.com\/wp-content\/uploads\/2022\/11\/pexels-milo-textures-2768398.jpeg\" \/>\n\t<meta property=\"og:image:width\" content=\"1920\" \/>\n\t<meta property=\"og:image:height\" content=\"1440\" \/>\n\t<meta property=\"og:image:type\" content=\"image\/jpeg\" \/>\n<meta name=\"twitter:card\" content=\"summary_large_image\" \/>\n<meta name=\"twitter:label1\" content=\"Dur\u00e9e de lecture estim\u00e9e\" \/>\n\t<meta name=\"twitter:data1\" content=\"1 minute\" \/>\n<script type=\"application\/ld+json\" class=\"yoast-schema-graph\">{\"@context\":\"https:\/\/schema.org\",\"@graph\":[{\"@type\":\"WebPage\",\"@id\":\"https:\/\/lalaiterie81.com\/index.php\/stages-ateliers\/\",\"url\":\"https:\/\/lalaiterie81.com\/index.php\/stages-ateliers\/\",\"name\":\"Stages - Ateliers - La laiterie\",\"isPartOf\":{\"@id\":\"https:\/\/lalaiterie81.com\/#website\"},\"primaryImageOfPage\":{\"@id\":\"https:\/\/lalaiterie81.com\/index.php\/stages-ateliers\/#primaryimage\"},\"image\":{\"@id\":\"https:\/\/lalaiterie81.com\/index.php\/stages-ateliers\/#primaryimage\"},\"thumbnailUrl\":\"https:\/\/lalaiterie81.com\/wp-content\/uploads\/2022\/11\/pexels-milo-textures-2768398.jpeg\",\"datePublished\":\"2025-03-16T14:01:49+00:00\",\"dateModified\":\"2025-03-16T14:18:51+00:00\",\"breadcrumb\":{\"@id\":\"https:\/\/lalaiterie81.com\/index.php\/stages-ateliers\/#breadcrumb\"},\"inLanguage\":\"fr-FR\",\"potentialAction\":[{\"@type\":\"ReadAction\",\"target\":[\"https:\/\/lalaiterie81.com\/index.php\/stages-ateliers\/\"]}]},{\"@type\":\"ImageObject\",\"inLanguage\":\"fr-FR\",\"@id\":\"https:\/\/lalaiterie81.com\/index.php\/stages-ateliers\/#primaryimage\",\"url\":\"https:\/\/lalaiterie81.com\/wp-content\/uploads\/2022\/11\/pexels-milo-textures-2768398.jpeg\",\"contentUrl\":\"https:\/\/lalaiterie81.com\/wp-content\/uploads\/2022\/11\/pexels-milo-textures-2768398.jpeg\",\"width\":1920,\"height\":1440},{\"@type\":\"BreadcrumbList\",\"@id\":\"https:\/\/lalaiterie81.com\/index.php\/stages-ateliers\/#breadcrumb\",\"itemListElement\":[{\"@type\":\"ListItem\",\"position\":1,\"name\":\"Accueil\",\"item\":\"https:\/\/lalaiterie81.com\/\"},{\"@type\":\"ListItem\",\"position\":2,\"name\":\"Stages &#8211; Ateliers\"}]},{\"@type\":\"WebSite\",\"@id\":\"https:\/\/lalaiterie81.com\/#website\",\"url\":\"https:\/\/lalaiterie81.com\/\",\"name\":\"La Laiterie - Fabrique artistique et culturelle\",\"description\":\"Fabrique artistique et culture\",\"publisher\":{\"@id\":\"https:\/\/lalaiterie81.com\/#organization\"},\"potentialAction\":[{\"@type\":\"SearchAction\",\"target\":{\"@type\":\"EntryPoint\",\"urlTemplate\":\"https:\/\/lalaiterie81.com\/?s={search_term_string}\"},\"query-input\":{\"@type\":\"PropertyValueSpecification\",\"valueRequired\":true,\"valueName\":\"search_term_string\"}}],\"inLanguage\":\"fr-FR\"},{\"@type\":\"Organization\",\"@id\":\"https:\/\/lalaiterie81.com\/#organization\",\"name\":\"La Laiterie\",\"url\":\"https:\/\/lalaiterie81.com\/\",\"logo\":{\"@type\":\"ImageObject\",\"inLanguage\":\"fr-FR\",\"@id\":\"https:\/\/lalaiterie81.com\/#\/schema\/logo\/image\/\",\"url\":\"https:\/\/lalaiterie81.com\/wp-content\/uploads\/2022\/11\/LOGO-noir-text.png\",\"contentUrl\":\"https:\/\/lalaiterie81.com\/wp-content\/uploads\/2022\/11\/LOGO-noir-text.png\",\"width\":689,\"height\":666,\"caption\":\"La Laiterie\"},\"image\":{\"@id\":\"https:\/\/lalaiterie81.com\/#\/schema\/logo\/image\/\"},\"sameAs\":[\"https:\/\/www.facebook.com\/assolalaiterie\"]}]}<\/script>\n<!-- \/ Yoast SEO plugin. -->","yoast_head_json":{"title":"Stages - Ateliers - La laiterie","robots":{"index":"index","follow":"follow","max-snippet":"max-snippet:-1","max-image-preview":"max-image-preview:large","max-video-preview":"max-video-preview:-1"},"canonical":"https:\/\/lalaiterie81.com\/index.php\/stages-ateliers\/","og_locale":"fr_FR","og_type":"article","og_title":"Stages - Ateliers - La laiterie","og_description":"[vc_row][vc_column][\/vc_column][\/vc_row]","og_url":"https:\/\/lalaiterie81.com\/index.php\/stages-ateliers\/","og_site_name":"La laiterie","article_publisher":"https:\/\/www.facebook.com\/assolalaiterie","article_modified_time":"2025-03-16T14:18:51+00:00","og_image":[{"width":1920,"height":1440,"url":"https:\/\/lalaiterie81.com\/wp-content\/uploads\/2022\/11\/pexels-milo-textures-2768398.jpeg","type":"image\/jpeg"}],"twitter_card":"summary_large_image","twitter_misc":{"Dur\u00e9e de lecture estim\u00e9e":"1 minute"},"schema":{"@context":"https:\/\/schema.org","@graph":[{"@type":"WebPage","@id":"https:\/\/lalaiterie81.com\/index.php\/stages-ateliers\/","url":"https:\/\/lalaiterie81.com\/index.php\/stages-ateliers\/","name":"Stages - Ateliers - La laiterie","isPartOf":{"@id":"https:\/\/lalaiterie81.com\/#website"},"primaryImageOfPage":{"@id":"https:\/\/lalaiterie81.com\/index.php\/stages-ateliers\/#primaryimage"},"image":{"@id":"https:\/\/lalaiterie81.com\/index.php\/stages-ateliers\/#primaryimage"},"thumbnailUrl":"https:\/\/lalaiterie81.com\/wp-content\/uploads\/2022\/11\/pexels-milo-textures-2768398.jpeg","datePublished":"2025-03-16T14:01:49+00:00","dateModified":"2025-03-16T14:18:51+00:00","breadcrumb":{"@id":"https:\/\/lalaiterie81.com\/index.php\/stages-ateliers\/#breadcrumb"},"inLanguage":"fr-FR","potentialAction":[{"@type":"ReadAction","target":["https:\/\/lalaiterie81.com\/index.php\/stages-ateliers\/"]}]},{"@type":"ImageObject","inLanguage":"fr-FR","@id":"https:\/\/lalaiterie81.com\/index.php\/stages-ateliers\/#primaryimage","url":"https:\/\/lalaiterie81.com\/wp-content\/uploads\/2022\/11\/pexels-milo-textures-2768398.jpeg","contentUrl":"https:\/\/lalaiterie81.com\/wp-content\/uploads\/2022\/11\/pexels-milo-textures-2768398.jpeg","width":1920,"height":1440},{"@type":"BreadcrumbList","@id":"https:\/\/lalaiterie81.com\/index.php\/stages-ateliers\/#breadcrumb","itemListElement":[{"@type":"ListItem","position":1,"name":"Accueil","item":"https:\/\/lalaiterie81.com\/"},{"@type":"ListItem","position":2,"name":"Stages &#8211; Ateliers"}]},{"@type":"WebSite","@id":"https:\/\/lalaiterie81.com\/#website","url":"https:\/\/lalaiterie81.com\/","name":"La Laiterie - Fabrique artistique et culturelle","description":"Fabrique artistique et culture","publisher":{"@id":"https:\/\/lalaiterie81.com\/#organization"},"potentialAction":[{"@type":"SearchAction","target":{"@type":"EntryPoint","urlTemplate":"https:\/\/lalaiterie81.com\/?s={search_term_string}"},"query-input":{"@type":"PropertyValueSpecification","valueRequired":true,"valueName":"search_term_string"}}],"inLanguage":"fr-FR"},{"@type":"Organization","@id":"https:\/\/lalaiterie81.com\/#organization","name":"La Laiterie","url":"https:\/\/lalaiterie81.com\/","logo":{"@type":"ImageObject","inLanguage":"fr-FR","@id":"https:\/\/lalaiterie81.com\/#\/schema\/logo\/image\/","url":"https:\/\/lalaiterie81.com\/wp-content\/uploads\/2022\/11\/LOGO-noir-text.png","contentUrl":"https:\/\/lalaiterie81.com\/wp-content\/uploads\/2022\/11\/LOGO-noir-text.png","width":689,"height":666,"caption":"La Laiterie"},"image":{"@id":"https:\/\/lalaiterie81.com\/#\/schema\/logo\/image\/"},"sameAs":["https:\/\/www.facebook.com\/assolalaiterie"]}]}},"_links":{"self":[{"href":"https:\/\/lalaiterie81.com\/index.php\/wp-json\/wp\/v2\/pages\/11774","targetHints":{"allow":["GET"]}}],"collection":[{"href":"https:\/\/lalaiterie81.com\/index.php\/wp-json\/wp\/v2\/pages"}],"about":[{"href":"https:\/\/lalaiterie81.com\/index.php\/wp-json\/wp\/v2\/types\/page"}],"author":[{"embeddable":true,"href":"https:\/\/lalaiterie81.com\/index.php\/wp-json\/wp\/v2\/users\/5"}],"replies":[{"embeddable":true,"href":"https:\/\/lalaiterie81.com\/index.php\/wp-json\/wp\/v2\/comments?post=11774"}],"version-history":[{"count":10,"href":"https:\/\/lalaiterie81.com\/index.php\/wp-json\/wp\/v2\/pages\/11774\/revisions"}],"predecessor-version":[{"id":11791,"href":"https:\/\/lalaiterie81.com\/index.php\/wp-json\/wp\/v2\/pages\/11774\/revisions\/11791"}],"wp:featuredmedia":[{"embeddable":true,"href":"https:\/\/lalaiterie81.com\/index.php\/wp-json\/wp\/v2\/media\/642"}],"wp:attachment":[{"href":"https:\/\/lalaiterie81.com\/index.php\/wp-json\/wp\/v2\/media?parent=11774"}],"curies":[{"name":"wp","href":"https:\/\/api.w.org\/{rel}","templated":true}]}}